{"id":8888,"date":"2024-03-06T19:41:22","date_gmt":"2024-03-06T18:41:22","guid":{"rendered":"https:\/\/kfv-mol.de\/Wordpress\/?page_id=8888"},"modified":"2024-03-06T19:53:52","modified_gmt":"2024-03-06T18:53:52","slug":"lehrgang-fahrsicherheitstraining","status":"publish","type":"page","link":"https:\/\/kfv-mol.de\/Wordpress\/aus-und-weiterbildung\/lehrgang-fahrsicherheitstraining\/","title":{"rendered":"Lehrgang Fahrsicherheitstraining"},"content":{"rendered":"<div data-colibri-id=\"8888-c1\" class=\"style-1664 style-local-8888-c1 position-relative\">\r\n  <!---->\r\n  <div data-colibri-component=\"section\" data-colibri-id=\"8888-c6\" id=\"custom\" class=\"h-section h-section-global-spacing d-flex align-items-lg-center align-items-md-center align-items-center style-1697 style-local-8888-c6 position-relative\">\r\n    <!---->\r\n    <!---->\r\n    <div class=\"h-section-grid-container h-section-boxed-container\">\r\n      <!---->\r\n      <div data-colibri-id=\"8888-c9\" class=\"h-row-container gutters-row-lg-2 gutters-row-md-2 gutters-row-0 gutters-row-v-lg-2 gutters-row-v-md-2 gutters-row-v-2 style-1700 style-local-8888-c9 position-relative\">\r\n        <!---->\r\n        <div class=\"h-row justify-content-lg-center justify-content-md-center justify-content-center align-items-lg-stretch align-items-md-stretch align-items-stretch gutters-col-lg-2 gutters-col-md-2 gutters-col-0 gutters-col-v-lg-2 gutters-col-v-md-2 gutters-col-v-2\">\r\n          <!---->\r\n          <div class=\"h-column h-column-container d-flex h-col-lg-auto h-col-md-auto h-col-auto style-1701-outer style-local-8888-c10-outer\">\r\n            <div data-colibri-id=\"8888-c10\" class=\"d-flex h-flex-basis h-column__inner h-px-lg-2 h-px-md-2 h-px-2 v-inner-lg-2 v-inner-md-2 v-inner-2 style-1701 style-local-8888-c10 position-relative\">\r\n              <!---->\r\n              <!---->\r\n              <div class=\"w-100 h-y-container h-column__content h-column__v-align flex-basis-100 align-self-lg-start align-self-md-start align-self-start\">\r\n                <!---->\r\n                <div data-colibri-id=\"8888-c11\" class=\"h-global-transition-all h-heading style-1702 style-local-8888-c11 position-relative h-element\">\r\n                  <!---->\r\n                  <div class=\"h-heading__outer style-1702 style-local-8888-c11\">\r\n                    <!---->\r\n                    <!---->\r\n                    <h1 class=\"\">Lehrgang Fahrsicherheitstraining<\/h1>\r\n                  <\/div>\r\n                <\/div>\r\n              <\/div>\r\n            <\/div>\r\n          <\/div>\r\n        <\/div>\r\n      <\/div>\r\n      <div data-colibri-id=\"8888-c7\" class=\"h-row-container gutters-row-lg-2 gutters-row-md-2 gutters-row-0 gutters-row-v-lg-2 gutters-row-v-md-2 gutters-row-v-2 style-1698 style-local-8888-c7 position-relative\">\r\n        <!---->\r\n        <div class=\"h-row justify-content-lg-center justify-content-md-center justify-content-center align-items-lg-stretch align-items-md-stretch align-items-stretch gutters-col-lg-2 gutters-col-md-2 gutters-col-0 gutters-col-v-lg-2 gutters-col-v-md-2 gutters-col-v-2\">\r\n          <!---->\r\n          <div class=\"h-column h-column-container d-flex h-col-lg-auto h-col-md-auto h-col-auto style-1699-outer style-local-8888-c8-outer\">\r\n            <div data-colibri-id=\"8888-c8\" class=\"d-flex h-flex-basis h-column__inner h-px-lg-2 h-px-md-2 h-px-2 v-inner-lg-2 v-inner-md-2 v-inner-2 style-1699 style-local-8888-c8 position-relative\">\r\n              <!---->\r\n              <!---->\r\n              <div class=\"w-100 h-y-container h-column__content h-column__v-align flex-basis-100 align-self-lg-start align-self-md-start align-self-start\">\r\n                <!---->\r\n                <div data-colibri-id=\"8888-c12\" class=\"h-text h-text-component style-1703 style-local-8888-c12 position-relative h-element\">\r\n                  <!---->\r\n                  <!---->\r\n                  <div class=\"\">\r\n                    <p>Ob auf dem Weg zum Ger\u00e4tehaus, auf Einsatzfahrten oder der Ausflug mit der Jugendfeuerwehr. Fahren mit Einsatzfahrzeugen stellt eine besondere Herausforderung dar. Wie verh\u00e4lt sich der neue MTW auf regennasser Fahrbahn oder was kann\r\n                      ich als Maschinist meinem vollen TLF zumuten?<\/p>\r\n                    <p>Der Lehrgang Fahrsicherheitstraining wird seit vielen Jahren durch die KFV Barnim und LOS angeboten, ab diesem Jahr k\u00f6nnen auch interessierte Kameradinnen\/Kameraden der Freiwilligen Feuerwehren unseres Landkreises teilnehmen.<\/p>\r\n                    <h4>Ablauf des Lehrganges:<\/h4>\r\n                    <p>Der Lehrgang gliedert sich in die Module Stra\u00dfe und Gel\u00e4nde.<\/p>\r\n                    <h4>Modul Stra\u00dfe:<\/h4>\r\n                    <p>Die theoretische Ausbildung findet in einem Ger\u00e4tehaus des LK MOL statt und umfasst 4<\/p>\r\n                    <p>Unterrichtseinheiten. Erst nach erfolgreichem Abschluss des theoretischen Teils ist der<\/p>\r\n                    <p>Teilnehmer f\u00fcr den praktischen Teil zugelassen. Ein Quereinstieg direkt in den Praxisteil ist<\/p>\r\n                    <p>nicht m\u00f6glich.<\/p>\r\n                    <h4>Folgende Ausbildungsinhalte werden vermittelt:<\/h4>\r\n                    <ul>\r\n                      <li>Erkennen und Verstehen der Ursachen von Gefahrensituationen im Stra\u00dfenverkehr<\/li>\r\n                      <li>Entwickeln von Vermeidungsstrategien<\/li>\r\n                      <li>&#8211; Erkennen von negativen Einfl\u00fcssen beim F\u00fchren eines Kraftfahrzeugs<\/li>\r\n                      <li>Fahrphysik und deren Zusammenh\u00e4nge<\/li>\r\n                      <li>Optimale Fahrzeugeinstellungen<\/li>\r\n                      <li>Brems- und Kurvenverhalten<\/li>\r\n                      <li>Fahren auf unterschiedlichen Fahrbahnoberfl\u00e4chen<\/li>\r\n                    <\/ul>\r\n                    <p>Ablauf der praktischen Ausbildung:<\/p>\r\n                    <p>Die praktische Ausbildung umfasst 8 Unterrichtseinheiten und findet im Fahrsicherheitszentrum des T\u00dcV Rheinland in Lehnitz bei Oranienburg statt. W\u00e4hrend der Durchf\u00fchrung werden die Teilnehmer durch 5 Ausbilder betreut. Abwechselnd\r\n                      durchlaufen die 5 Gruppen die Ausbildungsabschnitte.<\/p>\r\n                    <h4>Modul Gel\u00e4nde:<\/h4>\r\n                    <p>Die Gel\u00e4ndeausbildung umfasst 1 UE Theorie und 4 UE Praxis und findet auf dem Truppen\u00fcbungsplatz der Bundeswehr in Storkow statt. An einem Ausbildungstag finden je zwei Durchg\u00e4nge statt (Vor- und Nachmittags)<\/p>\r\n                  <\/div>\r\n                <\/div>\r\n                <div data-colibri-id=\"8888-c13\" class=\"h-row-container gutters-row-lg-2 gutters-row-md-2 gutters-row-0 gutters-row-v-lg-2 gutters-row-v-md-2 gutters-row-v-2 style-1704 style-local-8888-c13 position-relative\">\r\n                  <!---->\r\n                  <div class=\"h-row justify-content-lg-center justify-content-md-center justify-content-center align-items-lg-stretch align-items-md-stretch align-items-stretch gutters-col-lg-2 gutters-col-md-2 gutters-col-0 gutters-col-v-lg-2 gutters-col-v-md-2 gutters-col-v-2\">\r\n                    <!---->\r\n                    <div class=\"h-column h-column-container d-flex h-col-lg-auto h-col-md-auto h-col-auto style-1705-outer style-local-8888-c14-outer\">\r\n                      <div data-colibri-id=\"8888-c14\" class=\"d-flex h-flex-basis h-column__inner h-px-lg-2 h-px-md-2 h-px-2 v-inner-lg-2 v-inner-md-2 v-inner-2 style-1705 style-local-8888-c14 position-relative\">\r\n                        <!---->\r\n                        <!---->\r\n                        <div class=\"w-100 h-y-container h-column__content h-column__v-align flex-basis-100 align-self-lg-start align-self-md-start align-self-start\">\r\n                          <!---->\r\n                          <div data-colibri-id=\"8888-c16\" class=\"d-block style-1707 style-local-8888-c16 position-relative h-element\">\r\n                            <!---->\r\n                            <div class=\"h-image__frame-container-outer\">\r\n                              <div class=\"h-image__frame-container\">\r\n                                <!---->\r\n                                <!---->\r\n                                <img decoding=\"async\" width=\"637\" height=\"638\" data-src=\"https:\/\/kfv-mol.de\/Wordpress\/wp-content\/uploads\/2024\/03\/cropped-Bildschirmfoto-2024-03-06-um-19.48.25.png\" class=\"wp-image-8895 style-1707-image style-local-8888-c16-image lazyload\" alt=\"\" data-srcset=\"https:\/\/kfv-mol.de\/Wordpress\/wp-content\/uploads\/2024\/03\/cropped-Bildschirmfoto-2024-03-06-um-19.48.25.png 637w, https:\/\/kfv-mol.de\/Wordpress\/wp-content\/uploads\/2024\/03\/cropped-Bildschirmfoto-2024-03-06-um-19.48.25-300x300.png 300w, https:\/\/kfv-mol.de\/Wordpress\/wp-content\/uploads\/2024\/03\/cropped-Bildschirmfoto-2024-03-06-um-19.48.25-150x150.png 150w\" data-sizes=\"(max-width: 637px) 100vw, 637px\" src=\"data:image\/svg+xml;base64,PHN2ZyB3aWR0aD0iMSIgaGVpZ2h0PSIxIiB4bWxucz0iaHR0cDovL3d3dy53My5vcmcvMjAwMC9zdmciPjwvc3ZnPg==\" style=\"--smush-placeholder-width: 637px; --smush-placeholder-aspect-ratio: 637\/638;\" \/>\r\n                                <div class=\"h-image__frame h-hide-lg h-hide-md h-hide-sm style-1707-frameImage style-local-8888-c16-frameImage\"><\/div>\r\n                              <\/div>\r\n                            <\/div>\r\n                          <\/div>\r\n                        <\/div>\r\n                      <\/div>\r\n                    <\/div>\r\n                    <div class=\"h-column h-column-container d-flex h-col-lg-auto h-col-md-auto h-col-auto style-1706-outer style-local-8888-c15-outer\">\r\n                      <div data-colibri-id=\"8888-c15\" class=\"d-flex h-flex-basis h-column__inner h-px-lg-2 h-px-md-2 h-px-2 v-inner-lg-2 v-inner-md-2 v-inner-2 style-1706 style-local-8888-c15 position-relative\">\r\n                        <!---->\r\n                        <!---->\r\n                        <div class=\"w-100 h-y-container h-column__content h-column__v-align flex-basis-100 align-self-lg-start align-self-md-start align-self-start\">\r\n                          <!---->\r\n                          <div data-colibri-id=\"8888-c17\" class=\"d-block style-1708 style-local-8888-c17 position-relative h-element\">\r\n                            <!---->\r\n                            <div class=\"h-image__frame-container-outer\">\r\n                              <div class=\"h-image__frame-container\">\r\n                                <!---->\r\n                                <!---->\r\n                                <img decoding=\"async\" width=\"629\" height=\"630\" data-src=\"https:\/\/kfv-mol.de\/Wordpress\/wp-content\/uploads\/2024\/03\/cropped-Bildschirmfoto-2024-03-06-um-19.48.39.png\" class=\"wp-image-8897 style-1708-image style-local-8888-c17-image lazyload\" alt=\"\" data-srcset=\"https:\/\/kfv-mol.de\/Wordpress\/wp-content\/uploads\/2024\/03\/cropped-Bildschirmfoto-2024-03-06-um-19.48.39.png 629w, https:\/\/kfv-mol.de\/Wordpress\/wp-content\/uploads\/2024\/03\/cropped-Bildschirmfoto-2024-03-06-um-19.48.39-300x300.png 300w, https:\/\/kfv-mol.de\/Wordpress\/wp-content\/uploads\/2024\/03\/cropped-Bildschirmfoto-2024-03-06-um-19.48.39-150x150.png 150w\" data-sizes=\"(max-width: 629px) 100vw, 629px\" src=\"data:image\/svg+xml;base64,PHN2ZyB3aWR0aD0iMSIgaGVpZ2h0PSIxIiB4bWxucz0iaHR0cDovL3d3dy53My5vcmcvMjAwMC9zdmciPjwvc3ZnPg==\" style=\"--smush-placeholder-width: 629px; --smush-placeholder-aspect-ratio: 629\/630;\" \/>\r\n                                <div class=\"h-image__frame h-hide-lg h-hide-md h-hide-sm style-1708-frameImage style-local-8888-c17-frameImage\"><\/div>\r\n                              <\/div>\r\n                            <\/div>\r\n                          <\/div>\r\n                        <\/div>\r\n                      <\/div>\r\n                    <\/div>\r\n                  <\/div>\r\n                <\/div>\r\n                <div data-colibri-id=\"8888-c18\" class=\"d-block style-1709 style-local-8888-c18 position-relative h-element\">\r\n                  <!---->\r\n                  <div class=\"h-image__frame-container-outer\">\r\n                    <div class=\"h-image__frame-container\">\r\n                      <!---->\r\n                      <!---->\r\n                      <img decoding=\"async\" width=\"1660\" height=\"412\" data-src=\"https:\/\/kfv-mol.de\/Wordpress\/wp-content\/uploads\/2024\/03\/cropped-Bildschirmfoto-2024-03-06-um-19.48.08.png\" class=\"wp-image-8899 style-1709-image style-local-8888-c18-image lazyload\" alt=\"\" data-srcset=\"https:\/\/kfv-mol.de\/Wordpress\/wp-content\/uploads\/2024\/03\/cropped-Bildschirmfoto-2024-03-06-um-19.48.08.png 1660w, https:\/\/kfv-mol.de\/Wordpress\/wp-content\/uploads\/2024\/03\/cropped-Bildschirmfoto-2024-03-06-um-19.48.08-300x74.png 300w, https:\/\/kfv-mol.de\/Wordpress\/wp-content\/uploads\/2024\/03\/cropped-Bildschirmfoto-2024-03-06-um-19.48.08-1024x254.png 1024w, https:\/\/kfv-mol.de\/Wordpress\/wp-content\/uploads\/2024\/03\/cropped-Bildschirmfoto-2024-03-06-um-19.48.08-768x191.png 768w, https:\/\/kfv-mol.de\/Wordpress\/wp-content\/uploads\/2024\/03\/cropped-Bildschirmfoto-2024-03-06-um-19.48.08-1536x381.png 1536w\" data-sizes=\"(max-width: 1660px) 100vw, 1660px\" src=\"data:image\/svg+xml;base64,PHN2ZyB3aWR0aD0iMSIgaGVpZ2h0PSIxIiB4bWxucz0iaHR0cDovL3d3dy53My5vcmcvMjAwMC9zdmciPjwvc3ZnPg==\" style=\"--smush-placeholder-width: 1660px; --smush-placeholder-aspect-ratio: 1660\/412;\" \/>\r\n                      <div class=\"h-image__frame h-hide-lg h-hide-md h-hide-sm style-1709-frameImage style-local-8888-c18-frameImage\"><\/div>\r\n                    <\/div>\r\n                  <\/div>\r\n                <\/div>\r\n                <div data-colibri-id=\"8888-c19\" class=\"h-text h-text-component style-1710 style-local-8888-c19 position-relative h-element\">\r\n                  <!---->\r\n                  <!---->\r\n                  <div class=\"\">\r\n                    <p>Perspektivisch soll dieser Lehrgang \u00fcber das ZMS gebucht werden. Im Moment wendet Euch bitte mit allen Fragen und f\u00fcr die Reservierungen an den<\/p>\r\n                    <p>FA Aus- und Weiterbildung des KFV MOL<\/p>\r\n                    <p>Mail: ausbildung-MOL@web.de oder rene.niemecki@kfv-mol.de<\/p>\r\n                  <\/div>\r\n                <\/div>\r\n              <\/div>\r\n            <\/div>\r\n          <\/div>\r\n        <\/div>\r\n      <\/div>\r\n    <\/div>\r\n  <\/div>\r\n<\/div>","protected":false},"excerpt":{"rendered":"<p>Lehrgang Fahrsicherheitstraining Ob auf dem Weg zum Ger\u00e4tehaus, auf Einsatzfahrten oder der Ausflug mit der Jugendfeuerwehr. Fahren mit Einsatzfahrzeugen stellt eine besondere Herausforderung dar. Wie verh\u00e4lt sich der neue MTW auf regennasser Fahrbahn oder was kann ich als Maschinist meinem vollen TLF zumuten? Der Lehrgang Fahrsicherheitstraining wird seit vielen Jahren durch die KFV Barnim und [&hellip;]<\/p>\n","protected":false},"author":1,"featured_media":0,"parent":7177,"menu_order":0,"comment_status":"closed","ping_status":"closed","template":"page-templates\/full-width-page.php","meta":{"footnotes":""},"class_list":["post-8888","page","type-page","status-publish","hentry"],"_links":{"self":[{"href":"https:\/\/kfv-mol.de\/Wordpress\/wp-json\/wp\/v2\/pages\/8888","targetHints":{"allow":["GET"]}}],"collection":[{"href":"https:\/\/kfv-mol.de\/Wordpress\/wp-json\/wp\/v2\/pages"}],"about":[{"href":"https:\/\/kfv-mol.de\/Wordpress\/wp-json\/wp\/v2\/types\/page"}],"author":[{"embeddable":true,"href":"https:\/\/kfv-mol.de\/Wordpress\/wp-json\/wp\/v2\/users\/1"}],"replies":[{"embeddable":true,"href":"https:\/\/kfv-mol.de\/Wordpress\/wp-json\/wp\/v2\/comments?post=8888"}],"version-history":[{"count":2,"href":"https:\/\/kfv-mol.de\/Wordpress\/wp-json\/wp\/v2\/pages\/8888\/revisions"}],"predecessor-version":[{"id":8901,"href":"https:\/\/kfv-mol.de\/Wordpress\/wp-json\/wp\/v2\/pages\/8888\/revisions\/8901"}],"up":[{"embeddable":true,"href":"https:\/\/kfv-mol.de\/Wordpress\/wp-json\/wp\/v2\/pages\/7177"}],"wp:attachment":[{"href":"https:\/\/kfv-mol.de\/Wordpress\/wp-json\/wp\/v2\/media?parent=8888"}],"curies":[{"name":"wp","href":"https:\/\/api.w.org\/{rel}","templated":true}]}}