{"id":7897,"date":"2023-07-06T13:56:20","date_gmt":"2023-07-06T12:56:20","guid":{"rendered":"https:\/\/kfv-mol.de\/Wordpress\/?page_id=7897"},"modified":"2025-01-04T10:11:50","modified_gmt":"2025-01-04T09:11:50","slug":"kreisfeuerwehrverband","status":"publish","type":"page","link":"https:\/\/kfv-mol.de\/Wordpress\/kreisfeuerwehrverband\/","title":{"rendered":"Kreisfeuerwehrverband"},"content":{"rendered":"<div data-colibri-id=\"7897-c1\" class=\"style-1386 style-local-7897-c1 position-relative\">\r\n  <!---->\r\n  <div data-colibri-component=\"section\" data-colibri-id=\"7897-c2\" id=\"custom\" class=\"h-section h-section-global-spacing d-flex align-items-lg-center align-items-md-center align-items-center style-1387 style-local-7897-c2 position-relative\">\r\n    <!---->\r\n    <!---->\r\n    <div class=\"h-section-grid-container h-section-boxed-container\">\r\n      <!---->\r\n      <div data-colibri-id=\"7897-c3\" class=\"h-row-container gutters-row-lg-2 gutters-row-md-2 gutters-row-0 gutters-row-v-lg-2 gutters-row-v-md-2 gutters-row-v-2 style-1388 style-local-7897-c3 position-relative\">\r\n        <!---->\r\n        <div class=\"h-row justify-content-lg-center justify-content-md-center justify-content-center align-items-lg-stretch align-items-md-stretch align-items-stretch gutters-col-lg-2 gutters-col-md-2 gutters-col-0 gutters-col-v-lg-2 gutters-col-v-md-2 gutters-col-v-2\">\r\n          <!---->\r\n          <div class=\"h-column h-column-container d-flex h-col-lg-auto h-col-md-auto h-col-auto style-1389-outer style-local-7897-c4-outer\">\r\n            <div data-colibri-id=\"7897-c4\" class=\"d-flex h-flex-basis h-column__inner h-px-lg-2 h-px-md-2 h-px-2 v-inner-lg-2 v-inner-md-2 v-inner-2 style-1389 style-local-7897-c4 position-relative\">\r\n              <!---->\r\n              <!---->\r\n              <div class=\"w-100 h-y-container h-column__content h-column__v-align flex-basis-100 align-self-lg-center align-self-md-center align-self-center\">\r\n                <!---->\r\n                <div data-colibri-id=\"7897-c5\" class=\"h-text h-text-component style-1390 style-local-7897-c5 position-relative h-element\">\r\n                  <!---->\r\n                  <!---->\r\n                  <div class=\"\">\r\n                    <h1><span style=\"font-size: 107%; font-weight: 300; color: rgb(61, 61, 61);\">Aufgaben und Zwecke  des <\/span><span style=\"font-size: 101%; font-weight: 300; color: rgb(61, 61, 61);\"><br>Kreisfeuerwehrverband <\/span><span style=\"font-size: 107%; font-weight: 300; color: rgb(61, 61, 61);\">M\u00e4rkisch-Oderland <\/span><\/h1>\r\n                    <p>\r\n                      <br>\r\n                    <\/p>\r\n                  <\/div>\r\n                <\/div>\r\n              <\/div>\r\n            <\/div>\r\n          <\/div>\r\n        <\/div>\r\n      <\/div>\r\n      <div data-colibri-id=\"7897-c6\" class=\"h-row-container gutters-row-lg-2 gutters-row-md-2 gutters-row-0 gutters-row-v-lg-2 gutters-row-v-md-2 gutters-row-v-2 style-1395 style-local-7897-c6 position-relative\">\r\n        <!---->\r\n        <div class=\"h-row justify-content-lg-center justify-content-md-center justify-content-center align-items-lg-stretch align-items-md-stretch align-items-stretch gutters-col-lg-2 gutters-col-md-2 gutters-col-0 gutters-col-v-lg-2 gutters-col-v-md-2 gutters-col-v-2\">\r\n          <!---->\r\n          <div class=\"h-column h-column-container d-flex h-col-lg-auto h-col-md-auto h-col-auto style-1396-outer style-local-7897-c7-outer\">\r\n            <div data-colibri-id=\"7897-c7\" class=\"d-flex h-flex-basis h-column__inner h-px-lg-2 h-px-md-2 h-px-2 v-inner-lg-2 v-inner-md-2 v-inner-2 style-1396 style-local-7897-c7 position-relative\">\r\n              <!---->\r\n              <!---->\r\n              <div class=\"w-100 h-y-container h-column__content h-column__v-align flex-basis-100 align-self-lg-start align-self-md-start align-self-start\">\r\n                <!---->\r\n                <div data-colibri-id=\"7897-c8\" class=\"h-text h-text-component style-1398 style-local-7897-c8 position-relative h-element\">\r\n                  <!---->\r\n                  <!---->\r\n                  <div class=\"\">\r\n                    <p>(1) Der Verband ist berechtigt, alle Belange der Verbandsmitglieder auf Kreis- und Landesebene zu vertreten und sie bei der Durchf\u00fchrung der ihnen \u00fcbertragenen Aufgaben zu unterst\u00fctzen. <\/p>\r\n                    <p>(2) Er setzt sich f\u00fcr die Gew\u00e4hrleistung des Brandschutzes in allen Bereichen des \u00f6ffentlichen Lebens ein. <\/p>\r\n                    <p>(3) Er vertritt die sozialen Belange der Angeh\u00f6rigen der Feuerwehren soweit nicht dabei gewerkschaftliche Belange ber\u00fchrt werden. <\/p>\r\n                    <p>(4) Er f\u00f6rdert die Kameradschaftlichkeit in den Feuerwehren und die Zusammenarbeit mit allen im L\u00f6sch-, Rettungs- und Katastrophendienst t\u00e4tigen Organisationen. <\/p>\r\n                    <p>(5) Der Verband unterst\u00fctzt das Wirken der Feuerwehren auf dienstorganisatorischem, kulturellem, feuerwehrsportlichem und musikalischem Gebiet. <\/p>\r\n                    <p>(6) Der Verband organisiert f\u00fcr die Alters- und Ehrenmitglieder (entsprechend der Alters- und Ehrenordnung) Zusammenk\u00fcnfte und Veranstaltungen. <\/p>\r\n                    <p>(7) Er f\u00f6rdert das brandschutzgerechte Verhalten von Kindern und Jugendlichen sowie die Bildung von Jugendfeuerwehren mit dem Ziel der Nachwuchsgewinnung f\u00fcr die Berufs- und freiwilligen Feuerwehren. <\/p>\r\n                    <p>(8) Er nimmt Einfluss auf den Inhalt und die Durchf\u00fchrung der Aus- und Weiterbildung sowie der Durchsetzung des Gesundheits- und Versicherungsschutzes der Angeh\u00f6rigen der freiwilligen Feuerwehren. <\/p>\r\n                    <p>(9) Der Verband tritt daf\u00fcr ein, dass den Angeh\u00f6rigen der freiwilligen Feuerwehren aus dieser gesellschaftlichen T\u00e4tigkeit kein pers\u00f6nlicher oder beruflicher Nachteil entsteht. <\/p>\r\n                    <p>(10) Er erkennt besondere Leistungen im Feuerwehrwesen und im Verbandsleben an und kann daf\u00fcr verdienstvolle Organisationen, Angeh\u00f6rige von Feuerwehren und andere B\u00fcrger zu Auszeichnungen vorschlagen und diese Auszeichnungen vollziehen.\r\n                      <\/p>\r\n                    <p>(11) Der Verband setzt sich f\u00fcr die gesamtgesellschaftliche Anerkennung und Unterst\u00fctzung der Leistungen der Angeh\u00f6rigen der Feuerwehren ein. <\/p>\r\n                    <p>(12) Der Verband nimmt zu kommunalen Regelungen, die den Aufgabenbereich des Brandschutzes betreffen entsprechend den gesetzlichen Regelungen im Brand- und Katastrophenschutz des Landes Stellung. Er gibt Anregung zur Verbesserung des\r\n                      Feuerl\u00f6schwesens und beh\u00e4lt sich Einspr\u00fcche vor. Dabei gestaltet er eine gute Zusammenarbeit mit den Tr\u00e4gern des Brandschutzes. <\/p>\r\n                    <p>(13) Er nimmt Einfluss auf die Aus\u00fcbung des Feuerwehrsports und organisiert Wettbewerbe und Meisterschaften. <\/p>\r\n                    <p>(14) Der Verband ist selbstlos t\u00e4tig. Er verfolgt nicht in erster Linie eigenwirtschaftliche Zwecke.<\/p>\r\n                  <\/div>\r\n                <\/div>\r\n              <\/div>\r\n            <\/div>\r\n          <\/div>\r\n        <\/div>\r\n      <\/div>\r\n    <\/div>\r\n  <\/div>\r\n<\/div>","protected":false},"excerpt":{"rendered":"<p>Aufgaben und Zwecke des Kreisfeuerwehrverband M\u00e4rkisch-Oderland (1) Der Verband ist berechtigt, alle Belange der Verbandsmitglieder auf Kreis- und Landesebene zu vertreten und sie bei der Durchf\u00fchrung der ihnen \u00fcbertragenen Aufgaben zu unterst\u00fctzen. (2) Er setzt sich f\u00fcr die Gew\u00e4hrleistung des Brandschutzes in allen Bereichen des \u00f6ffentlichen Lebens ein. (3) Er vertritt die sozialen Belange der [&hellip;]<\/p>\n","protected":false},"author":1,"featured_media":0,"parent":0,"menu_order":0,"comment_status":"closed","ping_status":"closed","template":"page-templates\/full-width-page.php","meta":{"footnotes":""},"class_list":["post-7897","page","type-page","status-publish","hentry"],"_links":{"self":[{"href":"https:\/\/kfv-mol.de\/Wordpress\/wp-json\/wp\/v2\/pages\/7897","targetHints":{"allow":["GET"]}}],"collection":[{"href":"https:\/\/kfv-mol.de\/Wordpress\/wp-json\/wp\/v2\/pages"}],"about":[{"href":"https:\/\/kfv-mol.de\/Wordpress\/wp-json\/wp\/v2\/types\/page"}],"author":[{"embeddable":true,"href":"https:\/\/kfv-mol.de\/Wordpress\/wp-json\/wp\/v2\/users\/1"}],"replies":[{"embeddable":true,"href":"https:\/\/kfv-mol.de\/Wordpress\/wp-json\/wp\/v2\/comments?post=7897"}],"version-history":[{"count":3,"href":"https:\/\/kfv-mol.de\/Wordpress\/wp-json\/wp\/v2\/pages\/7897\/revisions"}],"predecessor-version":[{"id":8794,"href":"https:\/\/kfv-mol.de\/Wordpress\/wp-json\/wp\/v2\/pages\/7897\/revisions\/8794"}],"wp:attachment":[{"href":"https:\/\/kfv-mol.de\/Wordpress\/wp-json\/wp\/v2\/media?parent=7897"}],"curies":[{"name":"wp","href":"https:\/\/api.w.org\/{rel}","templated":true}]}}