{"id":7126,"date":"2023-04-29T19:47:56","date_gmt":"2023-04-29T18:47:56","guid":{"rendered":"https:\/\/kfv-mol.de\/Wordpress\/?page_id=7126"},"modified":"2025-12-16T15:11:44","modified_gmt":"2025-12-16T14:11:44","slug":"konfliktbewaeltigung-und-gleichstellung","status":"publish","type":"page","link":"https:\/\/kfv-mol.de\/Wordpress\/konfliktbewaeltigung-und-gleichstellung\/","title":{"rendered":"Konfliktbewaeltigung und Gleichstellung"},"content":{"rendered":"<div data-colibri-id=\"7126-c1\" class=\"style-933 style-local-7126-c1 position-relative\">\n  <!---->\n  <div data-colibri-component=\"section\" data-colibri-id=\"7126-c2\" id=\"team1\" class=\"h-section h-section-global-spacing d-flex align-items-lg-center align-items-md-center align-items-center style-934 style-local-7126-c2 position-relative\">\n    <!---->\n    <!---->\n    <div class=\"h-section-grid-container h-section-boxed-container\">\n      <!---->\n      <div data-colibri-id=\"7126-c3\" class=\"h-row-container gutters-row-lg-2 gutters-row-md-2 gutters-row-0 gutters-row-v-lg-2 gutters-row-v-md-2 gutters-row-v-2 style-935 style-local-7126-c3 position-relative\">\n        <!---->\n        <div class=\"h-row justify-content-lg-center justify-content-md-center justify-content-center align-items-lg-stretch align-items-md-stretch align-items-stretch gutters-col-lg-2 gutters-col-md-2 gutters-col-0 gutters-col-v-lg-2 gutters-col-v-md-2 gutters-col-v-2\">\n          <!---->\n          <div class=\"h-column h-column-container d-flex h-col-lg-auto h-col-md-auto h-col-auto style-936-outer style-local-7126-c4-outer\">\n            <div data-colibri-id=\"7126-c4\" class=\"d-flex h-flex-basis h-column__inner h-px-lg-2 h-px-md-2 h-px-2 v-inner-lg-2 v-inner-md-2 v-inner-2 style-936 style-local-7126-c4 position-relative\">\n              <!---->\n              <!---->\n              <div class=\"w-100 h-y-container h-column__content h-column__v-align flex-basis-100 align-self-lg-start align-self-md-start align-self-start\">\n                <!---->\n                <div data-colibri-id=\"7126-c5\" class=\"h-text h-text-component style-937 style-local-7126-c5 position-relative h-element\">\n                  <!---->\n                  <!---->\n                  <div class=\"\">\n                    <h1>Konfliktbew\u00e4ltigung und Gleichstellung<\/h1>\n                    <p>\n                      <br>\n                    <\/p>\n                  <\/div>\n                <\/div>\n              <\/div>\n            <\/div>\n          <\/div>\n        <\/div>\n      <\/div>\n      <div data-colibri-id=\"7126-c6\" class=\"h-row-container gutters-row-lg-2 gutters-row-md-2 gutters-row-0 gutters-row-v-lg-2 gutters-row-v-md-2 gutters-row-v-2 style-938 style-local-7126-c6 position-relative\">\n        <!---->\n        <div class=\"h-row justify-content-lg-center justify-content-md-center justify-content-center align-items-lg-center align-items-md-center align-items-center gutters-col-lg-2 gutters-col-md-2 gutters-col-0 gutters-col-v-lg-2 gutters-col-v-md-2 gutters-col-v-2\">\n          <!---->\n          <div class=\"h-column h-column-container d-flex h-col-auto align-self-lg-center align-self-md-center align-self-center style-939-outer style-local-7126-c7-outer\">\n            <div data-colibri-id=\"7126-c7\" class=\"d-flex h-flex-basis h-column__inner h-ui-empty-state-container h-px-lg-2 h-px-md-2 h-px-2 v-inner-lg-2 v-inner-md-2 v-inner-2 style-939 style-local-7126-c7 position-relative\">\n              <!---->\n              <!---->\n              <div class=\"w-100 h-y-container h-column__content h-column__v-align flex-basis-100\">\n                <!---->\n              <\/div>\n            <\/div>\n          <\/div>\n          <div class=\"h-column h-column-container d-flex h-col-lg-auto h-col-md-auto h-col-auto align-self-lg-center align-self-md-center align-self-center style-940-outer style-local-7126-c8-outer\">\n            <div data-colibri-id=\"7126-c8\" class=\"d-flex h-flex-basis h-column__inner h-px-lg-0 h-px-md-0 h-px-0 v-inner-lg-0 v-inner-md-0 v-inner-0 style-940 style-local-7126-c8 position-relative\">\n              <!---->\n              <!---->\n              <div class=\"w-100 h-y-container h-column__content h-column__v-align flex-basis-100 align-self-lg-start align-self-md-start align-self-start\">\n                <!---->\n                <div data-colibri-id=\"7126-c9\" class=\"d-block style-941 style-local-7126-c9 position-relative h-element\">\n                  <!---->\n                  <div class=\"h-image__frame-container-outer\">\n                    <div class=\"h-image__frame-container\">\n                      <!---->\n                      <!---->\n                      <img decoding=\"async\" width=\"1732\" height=\"1732\" data-src=\"https:\/\/kfv-mol.de\/Wordpress\/wp-content\/uploads\/2023\/04\/cropped-WhatsApp-Image-2023-04-20-at-10.17.21.jpeg\" class=\"wp-image-6980 style-941-image style-local-7126-c9-image lazyload\" alt=\"\" data-srcset=\"https:\/\/kfv-mol.de\/Wordpress\/wp-content\/uploads\/2023\/04\/cropped-WhatsApp-Image-2023-04-20-at-10.17.21.jpeg 1732w, https:\/\/kfv-mol.de\/Wordpress\/wp-content\/uploads\/2023\/04\/cropped-WhatsApp-Image-2023-04-20-at-10.17.21-300x300.jpeg 300w, https:\/\/kfv-mol.de\/Wordpress\/wp-content\/uploads\/2023\/04\/cropped-WhatsApp-Image-2023-04-20-at-10.17.21-1024x1024.jpeg 1024w, https:\/\/kfv-mol.de\/Wordpress\/wp-content\/uploads\/2023\/04\/cropped-WhatsApp-Image-2023-04-20-at-10.17.21-150x150.jpeg 150w, https:\/\/kfv-mol.de\/Wordpress\/wp-content\/uploads\/2023\/04\/cropped-WhatsApp-Image-2023-04-20-at-10.17.21-768x768.jpeg 768w, https:\/\/kfv-mol.de\/Wordpress\/wp-content\/uploads\/2023\/04\/cropped-WhatsApp-Image-2023-04-20-at-10.17.21-1536x1536.jpeg 1536w\" data-sizes=\"(max-width: 1732px) 100vw, 1732px\" src=\"data:image\/svg+xml;base64,PHN2ZyB3aWR0aD0iMSIgaGVpZ2h0PSIxIiB4bWxucz0iaHR0cDovL3d3dy53My5vcmcvMjAwMC9zdmciPjwvc3ZnPg==\" style=\"--smush-placeholder-width: 1732px; --smush-placeholder-aspect-ratio: 1732\/1732;\" \/>\n                      <div class=\"h-image__frame h-hide-lg h-hide-md h-hide-sm style-941-frameImage style-local-7126-c9-frameImage\"><\/div>\n                    <\/div>\n                  <\/div>\n                <\/div>\n                <div data-colibri-id=\"7126-c10\" class=\"h-text h-text-component style-942 style-local-7126-c10 position-relative h-element\">\n                  <!---->\n                  <!---->\n                  <div class=\"\">\n                    <p>Fachausschussleiter<\/p>\n                  <\/div>\n                <\/div>\n                <div data-colibri-id=\"7126-c11\" class=\"h-global-transition-all h-heading style-943 style-local-7126-c11 position-relative h-element\">\n                  <!---->\n                  <div class=\"h-heading__outer style-943 style-local-7126-c11\">\n                    <!---->\n                    <!---->\n                    <h4 class=\"\">&nbsp;<\/h4>\n                  <\/div>\n                <\/div>\n                <div data-colibri-id=\"7126-c12\" class=\"h-text h-text-component style-944 style-local-7126-c12 position-relative h-element\">\n                  <!---->\n                  <!---->\n                  <div class=\"\">\n                    <p>Telefon:<\/p>\n                  <\/div>\n                <\/div>\n                <div data-colibri-id=\"7126-c13\" class=\"h-text h-text-component style-945 style-local-7126-c13 position-relative h-element\">\n                  <!---->\n                  <!---->\n                  <div class=\"\">\n                    <p>Mobil:&nbsp; &nbsp;<\/p>\n                  <\/div>\n                <\/div>\n                <div data-colibri-id=\"7126-c14\" class=\"style-946 style-local-7126-c14 position-relative h-element\">\n                  <!---->\n                  <div class=\"d-flex flex-wrap h-social-icons justify-content-lg-center justify-content-md-center justify-content-center\">\n                    <div class=\"social-icon-container d-inline-flex\">\n                      <a href=\"mailto:\" target=\"_blank\" h-use-smooth-scroll=\"true\">\n                        <div class=\"icon-container h-social-icon h-global-transition\">\n                          <div class=\"h-icon-svg\" style=\"width: 100%; height: 100%;\">\n                            <!--Icon by Socicon (http:\/\/www.socicon.com)-->\n                            <svg version=\"1.1\" xmlns=\"http:\/\/www.w3.org\/2000\/svg\" viewBox=\"0 0 1500 1500\">\n\n                              <path d=\"M799.805 922.852c-14.648 11.719-32.227 20.508-49.805 20.508s-35.156-8.789-49.805-20.508l-700.195-571.289v899.414h1500v-899.414zM750 750c14.648 0 29.297-5.859 41.016-14.648l594.727-486.328h-1271.484l594.727 486.328c11.719 8.789 26.367 14.648 41.016 14.648z\"><\/path>\n                            <\/svg>\n                          <\/div>\n                        <\/div>\n                      <\/a>\n                    <\/div>\n                  <\/div>\n                <\/div>\n              <\/div>\n            <\/div>\n          <\/div>\n          <div class=\"h-column h-column-container d-flex h-col-auto align-self-lg-center align-self-md-center align-self-center style-947-outer style-local-7126-c15-outer\">\n            <div data-colibri-id=\"7126-c15\" class=\"d-flex h-flex-basis h-column__inner h-ui-empty-state-container h-px-lg-2 h-px-md-2 h-px-2 v-inner-lg-2 v-inner-md-2 v-inner-2 style-947 style-local-7126-c15 position-relative\">\n              <!---->\n              <!---->\n              <div class=\"w-100 h-y-container h-column__content h-column__v-align flex-basis-100\">\n                <!---->\n              <\/div>\n            <\/div>\n          <\/div>\n        <\/div>\n      <\/div>\n    <\/div>\n  <\/div>\n  <div data-colibri-component=\"section\" data-colibri-id=\"7126-c19\" id=\"custom\" class=\"h-section h-section-global-spacing d-flex align-items-lg-center align-items-md-center align-items-center style-951 style-local-7126-c19 position-relative\">\n    <!---->\n    <!---->\n    <div class=\"h-section-grid-container h-section-boxed-container\">\n      <!---->\n      <div data-colibri-id=\"7126-c20\" class=\"h-row-container gutters-row-lg-2 gutters-row-md-2 gutters-row-0 gutters-row-v-lg-2 gutters-row-v-md-2 gutters-row-v-2 style-952 style-local-7126-c20 position-relative\">\n        <!---->\n        <div class=\"h-row justify-content-lg-center justify-content-md-center justify-content-center align-items-lg-stretch align-items-md-stretch align-items-stretch gutters-col-lg-2 gutters-col-md-2 gutters-col-0 gutters-col-v-lg-2 gutters-col-v-md-2 gutters-col-v-2\">\n          <!---->\n          <div class=\"h-column h-column-container d-flex h-col-lg-auto h-col-md-auto h-col-auto style-953-outer style-local-7126-c21-outer\">\n            <div data-colibri-id=\"7126-c21\" class=\"d-flex h-flex-basis h-column__inner h-px-lg-2 h-px-md-2 h-px-2 v-inner-lg-2 v-inner-md-2 v-inner-2 style-953 style-local-7126-c21 position-relative\">\n              <!---->\n              <!---->\n              <div class=\"w-100 h-y-container h-column__content h-column__v-align flex-basis-100 align-self-lg-start align-self-md-start align-self-start\">\n                <!---->\n                <div data-colibri-id=\"7126-c22\" class=\"h-global-transition-all h-heading style-954 style-local-7126-c22 position-relative h-element\">\n                  <!---->\n                  <div class=\"h-heading__outer style-954 style-local-7126-c22\">\n                    <!---->\n                    <!---->\n                    <h2 class=\"\">Fachausschussmitglieder<\/h2>\n                  <\/div>\n                <\/div>\n              <\/div>\n            <\/div>\n          <\/div>\n        <\/div>\n      <\/div>\n      <div data-colibri-id=\"7126-c23\" class=\"h-row-container gutters-row-lg-2 gutters-row-md-2 gutters-row-0 gutters-row-v-lg-2 gutters-row-v-md-2 gutters-row-v-2 style-955 style-local-7126-c23 position-relative\">\n        <!---->\n        <div class=\"h-row justify-content-lg-center justify-content-md-center justify-content-center align-items-lg-stretch align-items-md-stretch align-items-stretch gutters-col-lg-2 gutters-col-md-2 gutters-col-0 gutters-col-v-lg-2 gutters-col-v-md-2 gutters-col-v-2\">\n          <!---->\n          <div class=\"h-column h-column-container d-flex h-col-lg-auto h-col-md-auto h-col-auto style-956-outer style-local-7126-c24-outer\">\n            <div data-colibri-id=\"7126-c24\" class=\"d-flex h-flex-basis h-column__inner h-px-lg-2 h-px-md-2 h-px-2 v-inner-lg-2 v-inner-md-2 v-inner-2 style-956 style-local-7126-c24 position-relative\">\n              <!---->\n              <!---->\n              <div class=\"w-100 h-y-container h-column__content h-column__v-align flex-basis-100 align-self-lg-start align-self-md-start align-self-start\">\n                <!---->\n                <div data-colibri-id=\"7126-c25\" class=\"h-global-transition-all h-heading style-957 style-local-7126-c25 position-relative h-element\">\n                  <!---->\n                  <div class=\"h-heading__outer style-957 style-local-7126-c25\">\n                    <!---->\n                    <!---->\n                    <h5 class=\"\">Name<\/h5>\n                  <\/div>\n                <\/div>\n                <div data-colibri-id=\"7126-c27\" class=\"h-text h-text-component style-958 style-local-7126-c27 position-relative h-element\">\n                  <!---->\n                  <!---->\n                  <div class=\"\">\n                    <p>&nbsp;<\/p>\n                  <\/div>\n                <\/div>\n              <\/div>\n            <\/div>\n          <\/div>\n          <div class=\"h-column h-column-container d-flex h-col-lg-auto h-col-md-auto h-col-auto style-956-outer style-local-7126-c28-outer\">\n            <div data-colibri-id=\"7126-c28\" class=\"d-flex h-flex-basis h-column__inner h-px-lg-2 h-px-md-2 h-px-2 v-inner-lg-2 v-inner-md-2 v-inner-2 style-956 style-local-7126-c28 position-relative\">\n              <!---->\n              <!---->\n              <div class=\"w-100 h-y-container h-column__content h-column__v-align flex-basis-100 align-self-lg-start align-self-md-start align-self-start\">\n                <!---->\n                <div data-colibri-id=\"7126-c29\" class=\"h-global-transition-all h-heading style-957 style-local-7126-c29 position-relative h-element\">\n                  <!---->\n                  <div class=\"h-heading__outer style-957 style-local-7126-c29\">\n                    <!---->\n                    <!---->\n                    <h5 class=\"\">Telefon<\/h5>\n                  <\/div>\n                <\/div>\n                <div data-colibri-id=\"7126-c30\" class=\"h-text h-text-component style-958 style-local-7126-c30 position-relative h-element\">\n                  <!---->\n                  <!---->\n                  <div class=\"\">\n                    <p>&nbsp;<\/p>\n                  <\/div>\n                <\/div>\n                <div data-colibri-id=\"7126-c31\" class=\"h-text h-text-component style-958 style-local-7126-c31 position-relative h-element\">\n                  <!---->\n                  <!---->\n                  <div class=\"\">\n                    <p>&nbsp;<\/p>\n                  <\/div>\n                <\/div>\n              <\/div>\n            <\/div>\n          <\/div>\n          <div class=\"h-column h-column-container d-flex h-col-lg-auto h-col-md-auto h-col-auto style-956-outer style-local-7126-c32-outer\">\n            <div data-colibri-id=\"7126-c32\" class=\"d-flex h-flex-basis h-column__inner h-px-lg-2 h-px-md-2 h-px-2 v-inner-lg-2 v-inner-md-2 v-inner-2 style-956 style-local-7126-c32 position-relative\">\n              <!---->\n              <!---->\n              <div class=\"w-100 h-y-container h-column__content h-column__v-align flex-basis-100 align-self-lg-start align-self-md-start align-self-start\">\n                <!---->\n                <div data-colibri-id=\"7126-c33\" class=\"h-global-transition-all h-heading style-957 style-local-7126-c33 position-relative h-element\">\n                  <!---->\n                  <div class=\"h-heading__outer style-957 style-local-7126-c33\">\n                    <!---->\n                    <!---->\n                    <h5 class=\"\">Mobil<\/h5>\n                  <\/div>\n                <\/div>\n                <div data-colibri-id=\"7126-c35\" class=\"h-text h-text-component style-958 style-local-7126-c35 position-relative h-element\">\n                  <!---->\n                  <!---->\n                  <div class=\"\">\n                    <p>&nbsp;<\/p>\n                  <\/div>\n                <\/div>\n              <\/div>\n            <\/div>\n          <\/div>\n          <div class=\"h-column h-column-container d-flex h-col-lg-auto h-col-md-auto h-col-auto style-956-outer style-local-7126-c36-outer\">\n            <div data-colibri-id=\"7126-c36\" class=\"d-flex h-flex-basis h-column__inner h-px-lg-2 h-px-md-2 h-px-2 v-inner-lg-2 v-inner-md-2 v-inner-2 style-956 style-local-7126-c36 position-relative\">\n              <!---->\n              <!---->\n              <div class=\"w-100 h-y-container h-column__content h-column__v-align flex-basis-100 align-self-lg-start align-self-md-start align-self-start\">\n                <!---->\n                <div data-colibri-id=\"7126-c37\" class=\"h-global-transition-all h-heading style-957 style-local-7126-c37 position-relative h-element\">\n                  <!---->\n                  <div class=\"h-heading__outer style-957 style-local-7126-c37\">\n                    <!---->\n                    <!---->\n                    <h5 class=\"\">Mail<\/h5>\n                  <\/div>\n                <\/div>\n                <div data-colibri-id=\"7126-c39\" class=\"h-icon style-959 style-local-7126-c39 position-relative h-element\">\n                  <!---->\n                  <a href=\"mailto:\" h-use-smooth-scroll=\"true\"><span class=\"h-svg-icon h-icon__icon style-959-icon style-local-7126-c39-icon\"><!--Icon by Socicon (http:\/\/www.socicon.com)--><svg version=\"1.1\" xmlns=\"http:\/\/www.w3.org\/2000\/svg\" viewBox=\"0 0 1500 1500\">\n\n<path d=\"M799.805 922.852c-14.648 11.719-32.227 20.508-49.805 20.508s-35.156-8.789-49.805-20.508l-700.195-571.289v899.414h1500v-899.414zM750 750c14.648 0 29.297-5.859 41.016-14.648l594.727-486.328h-1271.484l594.727 486.328c11.719 8.789 26.367 14.648 41.016 14.648z\"><\/path>\n<\/svg>\n<\/span><\/a>\n                <\/div>\n              <\/div>\n            <\/div>\n          <\/div>\n        <\/div>\n      <\/div>\n    <\/div>\n  <\/div>\n  <div data-colibri-component=\"section\" data-colibri-id=\"7126-c40\" id=\"custom\" class=\"h-section h-section-global-spacing d-flex align-items-lg-center align-items-md-center align-items-center style-951 style-local-7126-c40 position-relative\">\n    <!---->\n    <!---->\n    <div class=\"h-section-grid-container h-section-boxed-container\">\n      <!---->\n      <div data-colibri-id=\"7126-c41\" class=\"h-row-container gutters-row-lg-2 gutters-row-md-2 gutters-row-0 gutters-row-v-lg-2 gutters-row-v-md-2 gutters-row-v-2 style-952 style-local-7126-c41 position-relative\">\n        <!---->\n        <div class=\"h-row justify-content-lg-center justify-content-md-center justify-content-center align-items-lg-stretch align-items-md-stretch align-items-stretch gutters-col-lg-2 gutters-col-md-2 gutters-col-0 gutters-col-v-lg-2 gutters-col-v-md-2 gutters-col-v-2\">\n          <!---->\n          <div class=\"h-column h-column-container d-flex h-col-lg-auto h-col-md-auto h-col-auto style-953-outer style-local-7126-c42-outer\">\n            <div data-colibri-id=\"7126-c42\" class=\"d-flex h-flex-basis h-column__inner h-px-lg-2 h-px-md-2 h-px-2 v-inner-lg-2 v-inner-md-2 v-inner-2 style-953 style-local-7126-c42 position-relative\">\n              <!---->\n              <!---->\n              <div class=\"w-100 h-y-container h-column__content h-column__v-align flex-basis-100 align-self-lg-start align-self-md-start align-self-start\">\n                <!---->\n                <div data-colibri-id=\"7126-c43\" class=\"h-global-transition-all h-heading style-954 style-local-7126-c43 position-relative h-element\">\n                  <!---->\n                  <div class=\"h-heading__outer style-954 style-local-7126-c43\">\n                    <!---->\n                    <!---->\n                    <h2 class=\"\">Aufgaben des Fachausschuss Konfliktmanagement und Gleichstellung<\/h2>\n                  <\/div>\n                <\/div>\n              <\/div>\n            <\/div>\n          <\/div>\n        <\/div>\n      <\/div>\n      <div data-colibri-id=\"7126-c44\" class=\"h-row-container gutters-row-lg-2 gutters-row-md-2 gutters-row-0 gutters-row-v-lg-2 gutters-row-v-md-2 gutters-row-v-2 style-955 style-local-7126-c44 position-relative\">\n        <!---->\n        <div class=\"h-row justify-content-lg-center justify-content-md-center justify-content-center align-items-lg-stretch align-items-md-stretch align-items-stretch gutters-col-lg-2 gutters-col-md-2 gutters-col-0 gutters-col-v-lg-2 gutters-col-v-md-2 gutters-col-v-2\">\n          <!---->\n          <div class=\"h-column h-column-container d-flex h-col-lg-auto h-col-md-auto h-col-auto style-956-outer style-local-7126-c45-outer\">\n            <div data-colibri-id=\"7126-c45\" class=\"d-flex h-flex-basis h-column__inner h-px-lg-2 h-px-md-2 h-px-2 v-inner-lg-2 v-inner-md-2 v-inner-2 style-956 style-local-7126-c45 position-relative\">\n              <!---->\n              <!---->\n              <div class=\"w-100 h-y-container h-column__content h-column__v-align flex-basis-100 align-self-lg-start align-self-md-start align-self-start\">\n                <!---->\n                <div data-colibri-id=\"7126-c46\" class=\"h-text h-text-component style-958 style-local-7126-c46 position-relative h-element\">\n                  <!---->\n                  <!---->\n                  <div class=\"\">\n                    <p> Der Fachausschuss vermittelt bei Konflikten jeglicher Art. <\/p>\n                    <p> <\/p>\n                    <p> Er ist bestrebt, mit euch L\u00f6sungen zu finden und Probleme gemeinsam anzugehen . <\/p>\n                    <p> <\/p>\n                    <p> Sollten die Fronten sehr verh\u00e4rtet sein, stellen wir f\u00fcr euch den Kontakt zum Team Projekt \u201eOhne Blaulicht\u201c des Landesfeuerwehrverbands her. <\/p>\n                    <p> <\/p>\n                    <p> Konfliktsituationen zwischen Kameraden, der Wehrf\u00fchrung oder auch dem Tr\u00e4ger des Brandschutzes geh\u00f6ren ebenfalls in unseren Wirkungsbereich. <\/p>\n                    <p> <\/p>\n                    <p> Auch greifen wir ein, wenn es auf Grund des Geschlechts, des Alters, der sexuellen Orientierung oder der Herkunft zu Benachteiligungen kommt. <\/p>\n                    <p> <\/p>\n                    <p> Bei herausfordernden Erlebnissen im Einsatzgeschehen, die eine hohe psychische Belastung f\u00fcr unsere Kameraden darstellen, sind wir m\u00f6gliches Bindeglied zum Einsatznachsorgeteam (ENT) und stellen Kontakte zu kollektiven Ersthelfern\n                      her. <\/p>\n                    <p> <\/p>\n                    <p> Auf Grund der steigenden Zahl an Konfrontationen im Einsatzgeschehen, besteht immer mehr die Notwendigkeit, statistische Daten zu \u00dcbergriffen auf Einsatzkr\u00e4fte zu erfassen. Sobald ein Kamerad beschimpft, beleidigt oder sogar t\u00e4tlich\n                      angegriffen wird, besteht sofortiger Handlungsbedarf. Es darf nicht zur Regel werden, dass das Ehrenamt mit F\u00fc\u00dfen getreten wird. Um effektive Ma\u00dfnahmen ableiten zu k\u00f6nnen, sind Meldungen und Erhebungen zu dem Thema unabdingbar. <\/p>\n                    <p>\n                    <\/p>\n                    <p> Auf Grund der Vielzahl an Aufgaben, suchen wir \u00fcber das gesamte Kreisgebiet verteilt Mitarbeiter f\u00fcr den Fachausschuss. Dienstgrad oder Dienststellung ist hier nicht von Belang. <\/p>\n                    <p> <\/p>\n                    <p> Erkennt ihr Probleme schon im Vorfeld? <\/p>\n                    <p> Seid ihr redegewandt und l\u00f6sungsorientiert?&nbsp;M\u00f6chtet ihr, dass durch ein offenes Ohr und gemeinsame L\u00f6sungen unsere Kameraden wieder daran erinnert werden, warum wir auf keinen von ihnen verzichten wollen? <\/p>\n                    <p> Dann werdet Teil unseres Teams und helft uns zu helfen!<\/p>\n                    <p>\n                      <br>\n                    <\/p>\n                  <\/div>\n                <\/div>\n              <\/div>\n            <\/div>\n          <\/div>\n        <\/div>\n      <\/div>\n    <\/div>\n  <\/div>\n<\/div>","protected":false},"excerpt":{"rendered":"<p>Konfliktbew\u00e4ltigung und Gleichstellung Fachausschussleiter &nbsp; Telefon: Mobil:&nbsp; &nbsp; Fachausschussmitglieder Name &nbsp; Telefon &nbsp; &nbsp; Mobil &nbsp; Mail Aufgaben des Fachausschuss Konfliktmanagement und Gleichstellung Der Fachausschuss vermittelt bei Konflikten jeglicher Art. Er ist bestrebt, mit euch L\u00f6sungen zu finden und Probleme gemeinsam anzugehen . Sollten die Fronten sehr verh\u00e4rtet sein, stellen wir f\u00fcr euch den Kontakt [&hellip;]<\/p>\n","protected":false},"author":1,"featured_media":0,"parent":0,"menu_order":0,"comment_status":"closed","ping_status":"closed","template":"page-templates\/full-width-page.php","meta":{"footnotes":""},"class_list":["post-7126","page","type-page","status-publish","hentry"],"_links":{"self":[{"href":"https:\/\/kfv-mol.de\/Wordpress\/wp-json\/wp\/v2\/pages\/7126","targetHints":{"allow":["GET"]}}],"collection":[{"href":"https:\/\/kfv-mol.de\/Wordpress\/wp-json\/wp\/v2\/pages"}],"about":[{"href":"https:\/\/kfv-mol.de\/Wordpress\/wp-json\/wp\/v2\/types\/page"}],"author":[{"embeddable":true,"href":"https:\/\/kfv-mol.de\/Wordpress\/wp-json\/wp\/v2\/users\/1"}],"replies":[{"embeddable":true,"href":"https:\/\/kfv-mol.de\/Wordpress\/wp-json\/wp\/v2\/comments?post=7126"}],"version-history":[{"count":15,"href":"https:\/\/kfv-mol.de\/Wordpress\/wp-json\/wp\/v2\/pages\/7126\/revisions"}],"predecessor-version":[{"id":11207,"href":"https:\/\/kfv-mol.de\/Wordpress\/wp-json\/wp\/v2\/pages\/7126\/revisions\/11207"}],"wp:attachment":[{"href":"https:\/\/kfv-mol.de\/Wordpress\/wp-json\/wp\/v2\/media?parent=7126"}],"curies":[{"name":"wp","href":"https:\/\/api.w.org\/{rel}","templated":true}]}}